{"id":293,"date":"2017-11-09T14:57:54","date_gmt":"2017-11-09T14:57:54","guid":{"rendered":"http:\/\/wp-master-powergo.eliappwordpress1sto.elisys-servers.ca\/?page_id=293"},"modified":"2023-10-12T13:57:11","modified_gmt":"2023-10-12T17:57:11","slug":"service-apres-vente","status":"publish","type":"page","link":"https:\/\/www.berniersport.com\/fr\/service-apres-vente\/","title":{"rendered":"Entretien et r\u00e9parations"},"content":{"rendered":"<p>Confier son v\u00e9hicule aux mains expertes des techniciens de Bernier Sport \u00e0 Laurier-Station, c&rsquo;est repartir \u00e0 bord de son bolide enti\u00e8rement en confiance et en s\u00e9curit\u00e9. Que ce soit un <strong>VTT<\/strong>, un <strong>v\u00e9hicule c\u00f4te \u00e0 c\u00f4te<\/strong>, une <strong>motoneige<\/strong> ou autre, nous n&rsquo;utilisons que des produits de la plus haute qualit\u00e9.<\/p>\n<div class=\"textMore mobile\">\n<p>Bernier Sport vous offre le meilleur service de la r\u00e9gion de Chaudi\u00e8re-Appalaches! Nos techniciens d&rsquo;exp\u00e9rience et certifi\u00e9s vous proposent une vaste gamme de services\u00a0:<\/p>\n<ul>\n<li>Changement d&rsquo;huile<\/li>\n<li>Changement de pneus<\/li>\n<li>Entretien r\u00e9gulier<\/li>\n<li>Installation d&rsquo;accessoires<\/li>\n<li>R\u00e9parations<\/li>\n<li>Et plus encore!<\/li>\n<\/ul>\n<p>Notez que toutes les <strong>r\u00e9parations<\/strong> effectu\u00e9es chez nous ne sont faites qu&rsquo;avec des <a href=\"https:\/\/www.berniersport.com\/fr\/pieces\/\">pi\u00e8ces d&rsquo;origine<\/a>. Vous souhaitez en commander? Profitez de l&rsquo;expertise et de la vari\u00e9t\u00e9 de notre d\u00e9partement des <a href=\"https:\/\/www.berniersport.com\/fr\/pieces\/\">pi\u00e8ces et accessoires<\/a> pour le faire!<\/p>\n<p>Faites r\u00e9guli\u00e8rement un tour du c\u00f4t\u00e9 de nos <a href=\"https:\/\/www.berniersport.com\/fr\/promotions\/\">promotions<\/a> et ne ratez jamais une occasion d&rsquo;\u00e9conomiser!<\/p>\n<p>Pour toute question ou demande d&rsquo;information, <a href=\"https:\/\/www.berniersport.com\/fr\/contact\/\">communiquez avec nous<\/a>!<\/p>\n<\/div>\n","protected":false},"excerpt":{"rendered":"<p>Confier son v\u00e9hicule aux mains expertes des techniciens de Bernier Sport \u00e0 Laurier-Station, c&rsquo;est repartir \u00e0 bord de son bolide enti\u00e8rement en confiance et en s\u00e9curit\u00e9. Que ce soit un VTT, un v\u00e9hicule c\u00f4te \u00e0 c\u00f4te, une motoneige ou autre, nous n&rsquo;utilisons que des produits de la plus haute qualit\u00e9. Bernier Sport vous offre le &hellip; <a href=\"https:\/\/www.berniersport.com\/fr\/service-apres-vente\/\">Suite<\/a><\/p>\n","protected":false},"author":1,"featured_media":0,"parent":0,"menu_order":0,"comment_status":"closed","ping_status":"closed","template":"template-service.php","meta":[],"acf":{"content_featured_type":"image","content_featured_image":{"ID":29960,"id":29960,"title":"IMAGE SERVICE","filename":"IMAGE-SERVICE-scaled.jpg","filesize":412405,"url":"https:\/\/www.berniersport.com\/wp-content\/uploads\/2023\/10\/IMAGE-SERVICE-scaled.jpg","link":"https:\/\/www.berniersport.com\/fr\/service-apres-vente\/image-service\/","alt":"","author":"18","description":"","caption":"","name":"image-service","status":"inherit","uploaded_to":293,"date":"2023-10-12 17:56:47","modified":"2023-10-12 17:56:47","menu_order":0,"mime_type":"image\/jpeg","type":"image","subtype":"jpeg","icon":"https:\/\/www.berniersport.com\/wp-includes\/images\/media\/default.png","width":2560,"height":1707,"sizes":{"thumbnail":"https:\/\/www.berniersport.com\/wp-content\/uploads\/2023\/10\/IMAGE-SERVICE-150x150.jpg","thumbnail-width":150,"thumbnail-height":150,"medium":"https:\/\/www.berniersport.com\/wp-content\/uploads\/2023\/10\/IMAGE-SERVICE-300x200.jpg","medium-width":300,"medium-height":200,"medium_large":"https:\/\/www.berniersport.com\/wp-content\/uploads\/2023\/10\/IMAGE-SERVICE-768x512.jpg","medium_large-width":768,"medium_large-height":512,"large":"https:\/\/www.berniersport.com\/wp-content\/uploads\/2023\/10\/IMAGE-SERVICE-1024x683.jpg","large-width":1024,"large-height":683,"1536x1536":"https:\/\/www.berniersport.com\/wp-content\/uploads\/2023\/10\/IMAGE-SERVICE-1536x1024.jpg","1536x1536-width":1536,"1536x1536-height":1024,"2048x2048":"https:\/\/www.berniersport.com\/wp-content\/uploads\/2023\/10\/IMAGE-SERVICE-2048x1365.jpg","2048x2048-width":2048,"2048x2048-height":1365,"article-details":"https:\/\/www.berniersport.com\/wp-content\/uploads\/2023\/10\/IMAGE-SERVICE-745x497.jpg","article-details-width":745,"article-details-height":497,"article-listing":"https:\/\/www.berniersport.com\/wp-content\/uploads\/2023\/10\/IMAGE-SERVICE-745x497.jpg","article-listing-width":745,"article-listing-height":497,"event-details":"https:\/\/www.berniersport.com\/wp-content\/uploads\/2023\/10\/IMAGE-SERVICE-745x497.jpg","event-details-width":745,"event-details-height":497,"event-listing":"https:\/\/www.berniersport.com\/wp-content\/uploads\/2023\/10\/IMAGE-SERVICE-745x497.jpg","event-listing-width":745,"event-listing-height":497,"feat-article":"https:\/\/www.berniersport.com\/wp-content\/uploads\/2023\/10\/IMAGE-SERVICE-720x480.jpg","feat-article-width":720,"feat-article-height":480,"feat-cta":"https:\/\/www.berniersport.com\/wp-content\/uploads\/2023\/10\/IMAGE-SERVICE-745x497.jpg","feat-cta-width":745,"feat-cta-height":497,"feat-content":"https:\/\/www.berniersport.com\/wp-content\/uploads\/2023\/10\/IMAGE-SERVICE-745x497.jpg","feat-content-width":745,"feat-content-height":497,"feat-event":"https:\/\/www.berniersport.com\/wp-content\/uploads\/2023\/10\/IMAGE-SERVICE-720x480.jpg","feat-event-width":720,"feat-event-height":480,"feat-makes":"https:\/\/www.berniersport.com\/wp-content\/uploads\/2023\/10\/IMAGE-SERVICE-120x80.jpg","feat-makes-width":120,"feat-makes-height":80,"feat-related":"https:\/\/www.berniersport.com\/wp-content\/uploads\/2023\/10\/IMAGE-SERVICE-720x480.jpg","feat-related-width":720,"feat-related-height":480,"filter-category":"https:\/\/www.berniersport.com\/wp-content\/uploads\/2023\/10\/IMAGE-SERVICE-486x486.jpg","filter-category-width":486,"filter-category-height":486,"products-listing-new":"https:\/\/www.berniersport.com\/wp-content\/uploads\/2023\/10\/IMAGE-SERVICE-460x307.jpg","products-listing-new-width":460,"products-listing-new-height":307,"products-gallery":"https:\/\/www.berniersport.com\/wp-content\/uploads\/2023\/10\/IMAGE-SERVICE-745x497.jpg","products-gallery-width":745,"products-gallery-height":497,"promos-details":"https:\/\/www.berniersport.com\/wp-content\/uploads\/2023\/10\/IMAGE-SERVICE-745x497.jpg","promos-details-width":745,"promos-details-height":497,"promos-listing":"https:\/\/www.berniersport.com\/wp-content\/uploads\/2023\/10\/IMAGE-SERVICE-745x497.jpg","promos-listing-width":745,"promos-listing-height":497,"relative-product-article":"https:\/\/www.berniersport.com\/wp-content\/uploads\/2023\/10\/IMAGE-SERVICE-745x497.jpg","relative-product-article-width":745,"relative-product-article-height":497,"relative-product-event":"https:\/\/www.berniersport.com\/wp-content\/uploads\/2023\/10\/IMAGE-SERVICE-745x497.jpg","relative-product-event-width":745,"relative-product-event-height":497,"relative-product-new":"https:\/\/www.berniersport.com\/wp-content\/uploads\/2023\/10\/IMAGE-SERVICE-690x460.jpg","relative-product-new-width":690,"relative-product-new-height":460,"relative-product-promo":"https:\/\/www.berniersport.com\/wp-content\/uploads\/2023\/10\/IMAGE-SERVICE-745x497.jpg","relative-product-promo-width":745,"relative-product-promo-height":497,"slider-main":"https:\/\/www.berniersport.com\/wp-content\/uploads\/2023\/10\/IMAGE-SERVICE-714x476.jpg","slider-main-width":714,"slider-main-height":476,"slider-main-mobile":"https:\/\/www.berniersport.com\/wp-content\/uploads\/2023\/10\/IMAGE-SERVICE-991x661.jpg","slider-main-mobile-width":991,"slider-main-mobile-height":661,"slider-main-fullwidth":"https:\/\/www.berniersport.com\/wp-content\/uploads\/2023\/10\/IMAGE-SERVICE-2500x600.jpg","slider-main-fullwidth-width":2500,"slider-main-fullwidth-height":600,"slider-main-fullwidth-narrow":"https:\/\/www.berniersport.com\/wp-content\/uploads\/2023\/10\/IMAGE-SERVICE-1200x600.jpg","slider-main-fullwidth-narrow-width":1200,"slider-main-fullwidth-narrow-height":600,"map-footer":"https:\/\/www.berniersport.com\/wp-content\/uploads\/2023\/10\/IMAGE-SERVICE-1170x400.jpg","map-footer-width":1170,"map-footer-height":400,"map-footer-mobile":"https:\/\/www.berniersport.com\/wp-content\/uploads\/2023\/10\/IMAGE-SERVICE-991x661.jpg","map-footer-mobile-width":991,"map-footer-mobile-height":661,"map-footer-fullwidth":"https:\/\/www.berniersport.com\/wp-content\/uploads\/2023\/10\/IMAGE-SERVICE-2500x400.jpg","map-footer-fullwidth-width":2500,"map-footer-fullwidth-height":400,"map-footer-fullwidth-narrow":"https:\/\/www.berniersport.com\/wp-content\/uploads\/2023\/10\/IMAGE-SERVICE-1200x400.jpg","map-footer-fullwidth-narrow-width":1200,"map-footer-fullwidth-narrow-height":400,"team-listing":"https:\/\/www.berniersport.com\/wp-content\/uploads\/2023\/10\/IMAGE-SERVICE-450x300.jpg","team-listing-width":450,"team-listing-height":300,"team-sidebar":"https:\/\/www.berniersport.com\/wp-content\/uploads\/2023\/10\/IMAGE-SERVICE-720x480.jpg","team-sidebar-width":720,"team-sidebar-height":480,"history-timeline":"https:\/\/www.berniersport.com\/wp-content\/uploads\/2023\/10\/IMAGE-SERVICE-380x253.jpg","history-timeline-width":380,"history-timeline-height":253,"automatic-popup":"https:\/\/www.berniersport.com\/wp-content\/uploads\/2023\/10\/IMAGE-SERVICE-770x513.jpg","automatic-popup-width":770,"automatic-popup-height":513,"wc-feat-brands":"https:\/\/www.berniersport.com\/wp-content\/uploads\/2023\/10\/IMAGE-SERVICE-113x75.jpg","wc-feat-brands-width":113,"wc-feat-brands-height":75,"wc-products-details-brands":"https:\/\/www.berniersport.com\/wp-content\/uploads\/2023\/10\/IMAGE-SERVICE-113x75.jpg","wc-products-details-brands-width":113,"wc-products-details-brands-height":75}},"content_featured_slider":[{"ID":356,"id":356,"title":"placeholder-slider-main2","filename":"placeholder-slider-main2.png","filesize":7260,"url":"https:\/\/www.berniersport.com\/wp-content\/uploads\/2017\/11\/placeholder-slider-main2.png","link":"https:\/\/www.berniersport.com\/fr\/placeholder-slider-main2\/","alt":"","author":"1","description":"","caption":"","name":"placeholder-slider-main2","status":"inherit","uploaded_to":0,"date":"2017-11-09 21:12:37","modified":"2017-11-09 21:12:42","menu_order":0,"mime_type":"image\/png","type":"image","subtype":"png","icon":"https:\/\/www.berniersport.com\/wp-includes\/images\/media\/default.png","width":1170,"height":477,"sizes":{"thumbnail":"https:\/\/www.berniersport.com\/wp-content\/uploads\/2017\/11\/placeholder-slider-main2-150x150.png","thumbnail-width":150,"thumbnail-height":150,"medium":"https:\/\/www.berniersport.com\/wp-content\/uploads\/2017\/11\/placeholder-slider-main2-300x122.png","medium-width":300,"medium-height":122,"medium_large":"https:\/\/www.berniersport.com\/wp-content\/uploads\/2017\/11\/placeholder-slider-main2-768x313.png","medium_large-width":768,"medium_large-height":313,"large":"https:\/\/www.berniersport.com\/wp-content\/uploads\/2017\/11\/placeholder-slider-main2-1024x417.png","large-width":1024,"large-height":417,"1536x1536":"https:\/\/www.berniersport.com\/wp-content\/uploads\/2017\/11\/placeholder-slider-main2.png","1536x1536-width":1170,"1536x1536-height":477,"2048x2048":"https:\/\/www.berniersport.com\/wp-content\/uploads\/2017\/11\/placeholder-slider-main2.png","2048x2048-width":1170,"2048x2048-height":477,"article-details":"https:\/\/www.berniersport.com\/wp-content\/uploads\/2017\/11\/placeholder-slider-main2-745x304.png","article-details-width":745,"article-details-height":304,"article-listing":"https:\/\/www.berniersport.com\/wp-content\/uploads\/2017\/11\/placeholder-slider-main2-745x304.png","article-listing-width":745,"article-listing-height":304,"event-details":"https:\/\/www.berniersport.com\/wp-content\/uploads\/2017\/11\/placeholder-slider-main2-745x304.png","event-details-width":745,"event-details-height":304,"event-listing":"https:\/\/www.berniersport.com\/wp-content\/uploads\/2017\/11\/placeholder-slider-main2-745x304.png","event-listing-width":745,"event-listing-height":304,"feat-article":"https:\/\/www.berniersport.com\/wp-content\/uploads\/2017\/11\/placeholder-slider-main2-720x294.png","feat-article-width":720,"feat-article-height":294,"feat-cta":"https:\/\/www.berniersport.com\/wp-content\/uploads\/2017\/11\/placeholder-slider-main2-745x304.png","feat-cta-width":745,"feat-cta-height":304,"feat-content":"https:\/\/www.berniersport.com\/wp-content\/uploads\/2017\/11\/placeholder-slider-main2-745x304.png","feat-content-width":745,"feat-content-height":304,"feat-event":"https:\/\/www.berniersport.com\/wp-content\/uploads\/2017\/11\/placeholder-slider-main2-720x294.png","feat-event-width":720,"feat-event-height":294,"feat-makes":"https:\/\/www.berniersport.com\/wp-content\/uploads\/2017\/11\/placeholder-slider-main2-196x80.png","feat-makes-width":196,"feat-makes-height":80,"feat-related":"https:\/\/www.berniersport.com\/wp-content\/uploads\/2017\/11\/placeholder-slider-main2-720x294.png","feat-related-width":720,"feat-related-height":294,"filter-category":"https:\/\/www.berniersport.com\/wp-content\/uploads\/2017\/11\/placeholder-slider-main2.png","filter-category-width":486,"filter-category-height":198,"products-listing-new":"https:\/\/www.berniersport.com\/wp-content\/uploads\/2017\/11\/placeholder-slider-main2-460x188.png","products-listing-new-width":460,"products-listing-new-height":188,"products-gallery":"https:\/\/www.berniersport.com\/wp-content\/uploads\/2017\/11\/placeholder-slider-main2-745x304.png","products-gallery-width":745,"products-gallery-height":304,"promos-details":"https:\/\/www.berniersport.com\/wp-content\/uploads\/2017\/11\/placeholder-slider-main2-745x304.png","promos-details-width":745,"promos-details-height":304,"promos-listing":"https:\/\/www.berniersport.com\/wp-content\/uploads\/2017\/11\/placeholder-slider-main2-745x304.png","promos-listing-width":745,"promos-listing-height":304,"relative-product-article":"https:\/\/www.berniersport.com\/wp-content\/uploads\/2017\/11\/placeholder-slider-main2-745x304.png","relative-product-article-width":745,"relative-product-article-height":304,"relative-product-event":"https:\/\/www.berniersport.com\/wp-content\/uploads\/2017\/11\/placeholder-slider-main2-745x304.png","relative-product-event-width":745,"relative-product-event-height":304,"relative-product-new":"https:\/\/www.berniersport.com\/wp-content\/uploads\/2017\/11\/placeholder-slider-main2-690x281.png","relative-product-new-width":690,"relative-product-new-height":281,"relative-product-promo":"https:\/\/www.berniersport.com\/wp-content\/uploads\/2017\/11\/placeholder-slider-main2-745x304.png","relative-product-promo-width":745,"relative-product-promo-height":304,"slider-main":"https:\/\/www.berniersport.com\/wp-content\/uploads\/2017\/11\/placeholder-slider-main2-1168x476.png","slider-main-width":1168,"slider-main-height":476,"slider-main-mobile":"https:\/\/www.berniersport.com\/wp-content\/uploads\/2017\/11\/placeholder-slider-main2-991x404.png","slider-main-mobile-width":991,"slider-main-mobile-height":404,"slider-main-fullwidth":"https:\/\/www.berniersport.com\/wp-content\/uploads\/2017\/11\/placeholder-slider-main2.png","slider-main-fullwidth-width":1170,"slider-main-fullwidth-height":477,"slider-main-fullwidth-narrow":"https:\/\/www.berniersport.com\/wp-content\/uploads\/2017\/11\/placeholder-slider-main2.png","slider-main-fullwidth-narrow-width":1170,"slider-main-fullwidth-narrow-height":477,"map-footer":"https:\/\/www.berniersport.com\/wp-content\/uploads\/2017\/11\/placeholder-slider-main2-1170x400.png","map-footer-width":1170,"map-footer-height":400,"map-footer-mobile":"https:\/\/www.berniersport.com\/wp-content\/uploads\/2017\/11\/placeholder-slider-main2-991x404.png","map-footer-mobile-width":991,"map-footer-mobile-height":404,"map-footer-fullwidth":"https:\/\/www.berniersport.com\/wp-content\/uploads\/2017\/11\/placeholder-slider-main2-1170x400.png","map-footer-fullwidth-width":1170,"map-footer-fullwidth-height":400,"map-footer-fullwidth-narrow":"https:\/\/www.berniersport.com\/wp-content\/uploads\/2017\/11\/placeholder-slider-main2-1170x400.png","map-footer-fullwidth-narrow-width":1170,"map-footer-fullwidth-narrow-height":400,"team-listing":"https:\/\/www.berniersport.com\/wp-content\/uploads\/2017\/11\/placeholder-slider-main2-450x183.png","team-listing-width":450,"team-listing-height":183,"team-sidebar":"https:\/\/www.berniersport.com\/wp-content\/uploads\/2017\/11\/placeholder-slider-main2-720x294.png","team-sidebar-width":720,"team-sidebar-height":294,"history-timeline":"https:\/\/www.berniersport.com\/wp-content\/uploads\/2017\/11\/placeholder-slider-main2-380x155.png","history-timeline-width":380,"history-timeline-height":155,"automatic-popup":"https:\/\/www.berniersport.com\/wp-content\/uploads\/2017\/11\/placeholder-slider-main2.png","automatic-popup-width":770,"automatic-popup-height":314,"wc-feat-brands":"https:\/\/www.berniersport.com\/wp-content\/uploads\/2017\/11\/placeholder-slider-main2-184x75.png","wc-feat-brands-width":184,"wc-feat-brands-height":75,"wc-products-details-brands":"https:\/\/www.berniersport.com\/wp-content\/uploads\/2017\/11\/placeholder-slider-main2-184x75.png","wc-products-details-brands-width":184,"wc-products-details-brands-height":75}},{"ID":353,"id":353,"title":"placeholder-slider-main","filename":"placeholder-slider-main-1.png","filesize":2668,"url":"https:\/\/www.berniersport.com\/wp-content\/uploads\/2017\/11\/placeholder-slider-main-1.png","link":"https:\/\/www.berniersport.com\/fr\/placeholder-slider-main\/","alt":"","author":"1","description":"","caption":"","name":"placeholder-slider-main","status":"inherit","uploaded_to":0,"date":"2017-11-09 20:58:22","modified":"2019-04-16 19:48:02","menu_order":0,"mime_type":"image\/png","type":"image","subtype":"png","icon":"https:\/\/www.berniersport.com\/wp-includes\/images\/media\/default.png","width":1170,"height":477,"sizes":{"thumbnail":"https:\/\/www.berniersport.com\/wp-content\/uploads\/2017\/11\/placeholder-slider-main-1-150x150.png","thumbnail-width":150,"thumbnail-height":150,"medium":"https:\/\/www.berniersport.com\/wp-content\/uploads\/2017\/11\/placeholder-slider-main-1-300x122.png","medium-width":300,"medium-height":122,"medium_large":"https:\/\/www.berniersport.com\/wp-content\/uploads\/2017\/11\/placeholder-slider-main-1-768x313.png","medium_large-width":768,"medium_large-height":313,"large":"https:\/\/www.berniersport.com\/wp-content\/uploads\/2017\/11\/placeholder-slider-main-1-1024x417.png","large-width":1024,"large-height":417,"1536x1536":"https:\/\/www.berniersport.com\/wp-content\/uploads\/2017\/11\/placeholder-slider-main-1.png","1536x1536-width":1170,"1536x1536-height":477,"2048x2048":"https:\/\/www.berniersport.com\/wp-content\/uploads\/2017\/11\/placeholder-slider-main-1.png","2048x2048-width":1170,"2048x2048-height":477,"article-details":"https:\/\/www.berniersport.com\/wp-content\/uploads\/2017\/11\/placeholder-slider-main-1-745x304.png","article-details-width":745,"article-details-height":304,"article-listing":"https:\/\/www.berniersport.com\/wp-content\/uploads\/2017\/11\/placeholder-slider-main-1-745x304.png","article-listing-width":745,"article-listing-height":304,"event-details":"https:\/\/www.berniersport.com\/wp-content\/uploads\/2017\/11\/placeholder-slider-main-1-745x304.png","event-details-width":745,"event-details-height":304,"event-listing":"https:\/\/www.berniersport.com\/wp-content\/uploads\/2017\/11\/placeholder-slider-main-1-745x304.png","event-listing-width":745,"event-listing-height":304,"feat-article":"https:\/\/www.berniersport.com\/wp-content\/uploads\/2017\/11\/placeholder-slider-main-1-720x294.png","feat-article-width":720,"feat-article-height":294,"feat-cta":"https:\/\/www.berniersport.com\/wp-content\/uploads\/2017\/11\/placeholder-slider-main-1-745x304.png","feat-cta-width":745,"feat-cta-height":304,"feat-content":"https:\/\/www.berniersport.com\/wp-content\/uploads\/2017\/11\/placeholder-slider-main-1-745x304.png","feat-content-width":745,"feat-content-height":304,"feat-event":"https:\/\/www.berniersport.com\/wp-content\/uploads\/2017\/11\/placeholder-slider-main-1-720x294.png","feat-event-width":720,"feat-event-height":294,"feat-makes":"https:\/\/www.berniersport.com\/wp-content\/uploads\/2017\/11\/placeholder-slider-main-1-196x80.png","feat-makes-width":196,"feat-makes-height":80,"feat-related":"https:\/\/www.berniersport.com\/wp-content\/uploads\/2017\/11\/placeholder-slider-main-1-720x294.png","feat-related-width":720,"feat-related-height":294,"filter-category":"https:\/\/www.berniersport.com\/wp-content\/uploads\/2017\/11\/placeholder-slider-main-1.png","filter-category-width":486,"filter-category-height":198,"products-listing-new":"https:\/\/www.berniersport.com\/wp-content\/uploads\/2017\/11\/placeholder-slider-main-1-460x188.png","products-listing-new-width":460,"products-listing-new-height":188,"products-gallery":"https:\/\/www.berniersport.com\/wp-content\/uploads\/2017\/11\/placeholder-slider-main-1-745x304.png","products-gallery-width":745,"products-gallery-height":304,"promos-details":"https:\/\/www.berniersport.com\/wp-content\/uploads\/2017\/11\/placeholder-slider-main-1-745x304.png","promos-details-width":745,"promos-details-height":304,"promos-listing":"https:\/\/www.berniersport.com\/wp-content\/uploads\/2017\/11\/placeholder-slider-main-1-745x304.png","promos-listing-width":745,"promos-listing-height":304,"relative-product-article":"https:\/\/www.berniersport.com\/wp-content\/uploads\/2017\/11\/placeholder-slider-main-1-745x304.png","relative-product-article-width":745,"relative-product-article-height":304,"relative-product-event":"https:\/\/www.berniersport.com\/wp-content\/uploads\/2017\/11\/placeholder-slider-main-1-745x304.png","relative-product-event-width":745,"relative-product-event-height":304,"relative-product-new":"https:\/\/www.berniersport.com\/wp-content\/uploads\/2017\/11\/placeholder-slider-main-1-690x281.png","relative-product-new-width":690,"relative-product-new-height":281,"relative-product-promo":"https:\/\/www.berniersport.com\/wp-content\/uploads\/2017\/11\/placeholder-slider-main-1-745x304.png","relative-product-promo-width":745,"relative-product-promo-height":304,"slider-main":"https:\/\/www.berniersport.com\/wp-content\/uploads\/2017\/11\/placeholder-slider-main-1-1168x476.png","slider-main-width":1168,"slider-main-height":476,"slider-main-mobile":"https:\/\/www.berniersport.com\/wp-content\/uploads\/2017\/11\/placeholder-slider-main-1-991x404.png","slider-main-mobile-width":991,"slider-main-mobile-height":404,"slider-main-fullwidth":"https:\/\/www.berniersport.com\/wp-content\/uploads\/2017\/11\/placeholder-slider-main-1.png","slider-main-fullwidth-width":1170,"slider-main-fullwidth-height":477,"slider-main-fullwidth-narrow":"https:\/\/www.berniersport.com\/wp-content\/uploads\/2017\/11\/placeholder-slider-main-1.png","slider-main-fullwidth-narrow-width":1170,"slider-main-fullwidth-narrow-height":477,"map-footer":"https:\/\/www.berniersport.com\/wp-content\/uploads\/2017\/11\/placeholder-slider-main-1-1170x400.png","map-footer-width":1170,"map-footer-height":400,"map-footer-mobile":"https:\/\/www.berniersport.com\/wp-content\/uploads\/2017\/11\/placeholder-slider-main-1-991x404.png","map-footer-mobile-width":991,"map-footer-mobile-height":404,"map-footer-fullwidth":"https:\/\/www.berniersport.com\/wp-content\/uploads\/2017\/11\/placeholder-slider-main-1-1170x400.png","map-footer-fullwidth-width":1170,"map-footer-fullwidth-height":400,"map-footer-fullwidth-narrow":"https:\/\/www.berniersport.com\/wp-content\/uploads\/2017\/11\/placeholder-slider-main-1-1170x400.png","map-footer-fullwidth-narrow-width":1170,"map-footer-fullwidth-narrow-height":400,"team-listing":"https:\/\/www.berniersport.com\/wp-content\/uploads\/2017\/11\/placeholder-slider-main-1-450x183.png","team-listing-width":450,"team-listing-height":183,"team-sidebar":"https:\/\/www.berniersport.com\/wp-content\/uploads\/2017\/11\/placeholder-slider-main-1-720x294.png","team-sidebar-width":720,"team-sidebar-height":294,"history-timeline":"https:\/\/www.berniersport.com\/wp-content\/uploads\/2017\/11\/placeholder-slider-main-1-380x155.png","history-timeline-width":380,"history-timeline-height":155,"automatic-popup":"https:\/\/www.berniersport.com\/wp-content\/uploads\/2017\/11\/placeholder-slider-main-1.png","automatic-popup-width":770,"automatic-popup-height":314,"wc-feat-brands":"https:\/\/www.berniersport.com\/wp-content\/uploads\/2017\/11\/placeholder-slider-main-1-184x75.png","wc-feat-brands-width":184,"wc-feat-brands-height":75,"wc-products-details-brands":"https:\/\/www.berniersport.com\/wp-content\/uploads\/2017\/11\/placeholder-slider-main-1-184x75.png","wc-products-details-brands-width":184,"wc-products-details-brands-height":75}}],"contact_form_custom_html_id":""},"_links":{"self":[{"href":"https:\/\/www.berniersport.com\/fr\/wp-json\/wp\/v2\/pages\/293"}],"collection":[{"href":"https:\/\/www.berniersport.com\/fr\/wp-json\/wp\/v2\/pages"}],"about":[{"href":"https:\/\/www.berniersport.com\/fr\/wp-json\/wp\/v2\/types\/page"}],"author":[{"embeddable":true,"href":"https:\/\/www.berniersport.com\/fr\/wp-json\/wp\/v2\/users\/1"}],"replies":[{"embeddable":true,"href":"https:\/\/www.berniersport.com\/fr\/wp-json\/wp\/v2\/comments?post=293"}],"version-history":[{"count":19,"href":"https:\/\/www.berniersport.com\/fr\/wp-json\/wp\/v2\/pages\/293\/revisions"}],"predecessor-version":[{"id":29962,"href":"https:\/\/www.berniersport.com\/fr\/wp-json\/wp\/v2\/pages\/293\/revisions\/29962"}],"wp:attachment":[{"href":"https:\/\/www.berniersport.com\/fr\/wp-json\/wp\/v2\/media?parent=293"}],"curies":[{"name":"wp","href":"https:\/\/api.w.org\/{rel}","templated":true}]}}